{"id":911,"date":"2019-04-30T17:58:32","date_gmt":"2019-04-30T17:58:32","guid":{"rendered":"https:\/\/hostallasnatalias.cl\/?page_id=911"},"modified":"2024-11-22T22:37:28","modified_gmt":"2024-11-22T22:37:28","slug":"about","status":"publish","type":"page","link":"https:\/\/hostallasnatalias.cl\/about\/","title":{"rendered":"Nuestra Historia","raw":"Nuestra Historia"},"content":{"rendered":"<h1><strong>NUESTRA HISTORIA<\/strong><\/h1>\n<p><span style=\"font-weight: 400;\">En <\/span><b>Hostal Las Natalias<\/b><span style=\"font-weight: 400;\"> creemos en estimular el tipo de turismo que, cuando se aplica a conciencia e intencionalmente, proporcionar\u00e1 oportunidades econ\u00f3micas para la regi\u00f3n, promoci\u00f3n de la protecci\u00f3n de los recursos naturales y la cultura local.<\/span><\/p>\n<p><span style=\"font-weight: 400;\">Abierto desde enero de 2012, el albergue es el sue\u00f1o de Nathaniel Criado Mack, construido para compartir un peque\u00f1o pedazo de para\u00edso patag\u00f3nico con viajeros y buenas personas. \u00a0El nombre del hostal proviene de tres generaciones de \u201cNatalias\u201d en la familia de Nathaniel&#8211; su madre, abuela, y bisabuela, todas mujeres fuertes con ra\u00edces en la Patagonia Argentina.<\/span><\/p>\n<p><iframe loading=\"lazy\" src=\"https:\/\/player.vimeo.com\/video\/333448344\" width=\"775\" height=\"500\" frameborder=\"0\" allowfullscreen=\"allowfullscreen\"><\/iframe><\/p>\n<p style=\"text-align: left;\"><span style=\"font-weight: 400;\">Nuestros valores se ven reflejados en la forma en que organizamos y operamos nuestro negocio. Tenemos una huerta donde los hu\u00e9spedes pueden cosechar verduras frescas; reciclamos, hacemos compost, e intentamos reducir los residuos y uso de energ\u00eda; y m\u00e1s importante de todo colaboramos con otros negocios peque\u00f1os para promover el crecimiento de la econom\u00eda local y la preservaci\u00f3n de la cultura de la zona.<\/span><\/p>\n<h1 style=\"text-align: left;\">NUESTRO EQUIPO<\/h1>\n<p style=\"text-align: left;\"><a href=\"https:\/\/hostallasnatalias.cl\/wp-content\/uploads\/2015\/10\/Nancy-Nate.jpg\"><img loading=\"lazy\" decoding=\"async\" class=\"wp-image-882 aligncenter\" src=\"https:\/\/hostallasnatalias.cl\/wp-content\/uploads\/2015\/10\/Nancy-Nate-1024x634.jpg\" alt=\"Nancy Nate\" width=\"625\" height=\"387\" srcset=\"https:\/\/hostallasnatalias.cl\/wp-content\/uploads\/2015\/10\/Nancy-Nate-1024x634.jpg 1024w, https:\/\/hostallasnatalias.cl\/wp-content\/uploads\/2015\/10\/Nancy-Nate-300x186.jpg 300w\" sizes=\"auto, (max-width: 625px) 100vw, 625px\" \/><\/a><\/p>\n<div class=\"cols-wrapper cols-2\" style=\"margin-top: 30px;\">\n<div class=\"col nomargin\">\n<h2 class=\"host\">Nathaniel Criado Mack<\/h2>\n<p><span style=\"font-weight: 400;\">Nathaniel empez\u00f3 a hacer kayak y a ser gu\u00eda de rafting en Maryland y Colorado cuando estaba en la universidad. \u00a0En 2004 se mud\u00f3 a Futaleuf\u00fa debido a su amor por los r\u00edos y tambi\u00e9n a una curiosidad acerca de su historia de familia en Argentina. \u00a0De inmediato encontr\u00f3 su lugar y trabaj\u00f3 varios a\u00f1os como gu\u00eda de aguas blancas y de aventura antes de construir Hostal Las Natalias. En adici\u00f3n a operar el hostal y guiar, Nathaniel tiene m\u00e1s de 10 a\u00f1os de experiencia ense\u00f1ando kayak y est\u00e1 claro que disfruta compartir su pasi\u00f3n con otros en el agua. <\/span><\/p>\n<\/div>\n<div class=\"col nomargin\">\n<h2 class=\"host\">Nancy Moore<\/h2>\n<p><span style=\"font-weight: 400;\">Originaria de Ohio, Nancy lleg\u00f3 a Futaleuf\u00fa en 2007 coordinando programas educativos en la provincia. \u00a0Con el tiempo, se enamor\u00f3 de la comunidad, y de Nathaniel tambi\u00e9n, y lleg\u00f3 a conocer este lugar como \u201chome.\u201d \u00a0En 2012 termin\u00f3 una maestr\u00eda en estudios ambientales y luego regres\u00f3 a Futaleuf\u00fa para emprender varios proyectos: es co-fundadora de Futa SANO, una peque<\/span><span style=\"font-weight: 400;\">\u00f1a empresa que promueve la agricultura sustentable; ofrece clases de yoga; es presidenta del Comit\u00e9 Ambiental Comunal; y ense\u00f1a un curso en Montana acerca de conservaci\u00f3n transfronteriza. \u00a0<\/span><\/p>\n<\/div>\n<\/div>\n<div class=\"cols-wrapper cols-2\" style=\"margin-top: 30px;\">\n<div class=\"col nomargin\">\n<h2 class=\"host\">Susana Miller<\/h2>\n<p>Susana, la mam\u00e1 adoptiva de Nathaniel, pasa un par de meses cada a\u00f1o como anfitriona del hostal. \u00a1Nos consideramos muy afortunados contar con su presencia! \u00a0Ella te recibir\u00e1 en ingl\u00e9s, espa\u00f1ol, o aleman y te ofrecer\u00e1 un vaso de agua servido en uno de sus vasos artesanales y reciclados. \u00a0Susana ha vivido en muchas partes del mundo, incluyendo Costa Rica, Suiza, y Chile (1974-77), y trabaj\u00f3 muchos a\u00f1os en salud p\u00fablico y planificaci\u00f3n de familia.<\/p>\n<\/div>\n<div class=\"col nomargin\">\n<p style=\"text-align: left;\"><a href=\"https:\/\/hostallasnatalias.cl\/wp-content\/uploads\/2019\/04\/Sue1.jpeg\"><img loading=\"lazy\" decoding=\"async\" class=\"alignnone wp-image-916\" src=\"https:\/\/hostallasnatalias.cl\/wp-content\/uploads\/2019\/04\/Sue1-979x1024.jpeg\" alt=\"\" width=\"313\" height=\"328\" srcset=\"https:\/\/hostallasnatalias.cl\/wp-content\/uploads\/2019\/04\/Sue1-979x1024.jpeg 979w, https:\/\/hostallasnatalias.cl\/wp-content\/uploads\/2019\/04\/Sue1-287x300.jpeg 287w\" sizes=\"auto, (max-width: 313px) 100vw, 313px\" \/><\/a><\/p>\n<\/div>\n<\/div>\n<div class=\"cols-wrapper cols-2\" style=\"margin-top: 30px;\">\n<div class=\"col nomargin\">\n<p style=\"text-align: left;\"><a href=\"https:\/\/hostallasnatalias.cl\/wp-content\/uploads\/2019\/04\/IMG_4806.jpeg\"><img loading=\"lazy\" decoding=\"async\" class=\"alignnone wp-image-938 size-large\" src=\"https:\/\/hostallasnatalias.cl\/wp-content\/uploads\/2019\/04\/IMG_4806-1024x1024.jpeg\" alt=\"\" width=\"1024\" height=\"1024\" srcset=\"https:\/\/hostallasnatalias.cl\/wp-content\/uploads\/2019\/04\/IMG_4806-1024x1024.jpeg 1024w, https:\/\/hostallasnatalias.cl\/wp-content\/uploads\/2019\/04\/IMG_4806-150x150.jpeg 150w, https:\/\/hostallasnatalias.cl\/wp-content\/uploads\/2019\/04\/IMG_4806-300x300.jpeg 300w\" sizes=\"auto, (max-width: 1024px) 100vw, 1024px\" \/><\/a><\/p>\n<\/div>\n<div class=\"col nomargin\">\n<h2 class=\"host\">Staff de Temporada<\/h2>\n<p>Colaboramos con universidades chilenas para ofrecer oportunidades de pr\u00e1cticas a alumnos de eco-turismo cada a\u00f1o, ayudando a formarles en \u00e1reas de liderazgo, gesti\u00f3n empresarial, trabajo en equipo, y servicio al cliente.<\/p>\n<\/div>\n<\/div>\n","protected":false,"raw":"<h1><strong>NUESTRA HISTORIA<\/strong><\/h1>\r\n<span style=\"font-weight: 400;\">En <\/span><b>Hostal Las Natalias<\/b><span style=\"font-weight: 400;\"> creemos en estimular el tipo de turismo que, cuando se aplica a conciencia e intencionalmente, proporcionar\u00e1 oportunidades econ\u00f3micas para la regi\u00f3n, promoci\u00f3n de la protecci\u00f3n de los recursos naturales y la cultura local.<\/span>\r\n\r\n<span style=\"font-weight: 400;\">Abierto desde enero de 2012, el albergue es el sue\u00f1o de Nathaniel Criado Mack, construido para compartir un peque\u00f1o pedazo de para\u00edso patag\u00f3nico con viajeros y buenas personas. \u00a0El nombre del hostal proviene de tres generaciones de \u201cNatalias\u201d en la familia de Nathaniel-- su madre, abuela, y bisabuela, todas mujeres fuertes con ra\u00edces en la Patagonia Argentina.<\/span>\r\n\r\n<iframe src=\"https:\/\/player.vimeo.com\/video\/333448344\" width=\"775\" height=\"500\" frameborder=\"0\" allowfullscreen=\"allowfullscreen\"><\/iframe>\r\n<p style=\"text-align: left;\"><span style=\"font-weight: 400;\">Nuestros valores se ven reflejados en la forma en que organizamos y operamos nuestro negocio. Tenemos una huerta donde los hu\u00e9spedes pueden cosechar verduras frescas; reciclamos, hacemos compost, e intentamos reducir los residuos y uso de energ\u00eda; y m\u00e1s importante de todo colaboramos con otros negocios peque\u00f1os para promover el crecimiento de la econom\u00eda local y la preservaci\u00f3n de la cultura de la zona.<\/span><\/p>\r\n\r\n<h1 style=\"text-align: left;\">NUESTRO EQUIPO<\/h1>\r\n<p style=\"text-align: left;\"><a href=\"https:\/\/hostallasnatalias.cl\/wp-content\/uploads\/2015\/10\/Nancy-Nate.jpg\"><img class=\"wp-image-882 aligncenter\" src=\"https:\/\/hostallasnatalias.cl\/wp-content\/uploads\/2015\/10\/Nancy-Nate-1024x634.jpg\" alt=\"Nancy Nate\" width=\"625\" height=\"387\" \/><\/a><\/p>\r\n\r\n<div class=\"cols-wrapper cols-2\" style=\"margin-top: 30px;\">\r\n<div class=\"col nomargin\">\r\n<h2 class=\"host\">Nathaniel Criado Mack<\/h2>\r\n<span style=\"font-weight: 400;\">Nathaniel empez\u00f3 a hacer kayak y a ser gu\u00eda de rafting en Maryland y Colorado cuando estaba en la universidad. \u00a0En 2004 se mud\u00f3 a Futaleuf\u00fa debido a su amor por los r\u00edos y tambi\u00e9n a una curiosidad acerca de su historia de familia en Argentina. \u00a0De inmediato encontr\u00f3 su lugar y trabaj\u00f3 varios a\u00f1os como gu\u00eda de aguas blancas y de aventura antes de construir Hostal Las Natalias. En adici\u00f3n a operar el hostal y guiar, Nathaniel tiene m\u00e1s de 10 a\u00f1os de experiencia ense\u00f1ando kayak y est\u00e1 claro que disfruta compartir su pasi\u00f3n con otros en el agua. <\/span>\r\n\r\n<\/div>\r\n<div class=\"col nomargin\">\r\n<h2 class=\"host\">Nancy Moore<\/h2>\r\n<span style=\"font-weight: 400;\">Originaria de Ohio, Nancy lleg\u00f3 a Futaleuf\u00fa en 2007 coordinando programas educativos en la provincia. \u00a0Con el tiempo, se enamor\u00f3 de la comunidad, y de Nathaniel tambi\u00e9n, y lleg\u00f3 a conocer este lugar como \u201chome.\u201d \u00a0En 2012 termin\u00f3 una maestr\u00eda en estudios ambientales y luego regres\u00f3 a Futaleuf\u00fa para emprender varios proyectos: es co-fundadora de Futa SANO, una peque<\/span><span style=\"font-weight: 400;\">\u00f1a empresa que promueve la agricultura sustentable; ofrece clases de yoga; es presidenta del Comit\u00e9 Ambiental Comunal; y ense\u00f1a un curso en Montana acerca de conservaci\u00f3n transfronteriza. \u00a0<\/span>\r\n\r\n<\/div>\r\n<\/div>\r\n<div class=\"cols-wrapper cols-2\" style=\"margin-top: 30px;\">\r\n<div class=\"col nomargin\">\r\n<h2 class=\"host\">Susana Miller<\/h2>\r\nSusana, la mam\u00e1 adoptiva de Nathaniel, pasa un par de meses cada a\u00f1o como anfitriona del hostal. \u00a1Nos consideramos muy afortunados contar con su presencia! \u00a0Ella te recibir\u00e1 en ingl\u00e9s, espa\u00f1ol, o aleman y te ofrecer\u00e1 un vaso de agua servido en uno de sus vasos artesanales y reciclados. \u00a0Susana ha vivido en muchas partes del mundo, incluyendo Costa Rica, Suiza, y Chile (1974-77), y trabaj\u00f3 muchos a\u00f1os en salud p\u00fablico y planificaci\u00f3n de familia.\r\n\r\n<\/div>\r\n<div class=\"col nomargin\">\r\n<p style=\"text-align: left;\"><a href=\"https:\/\/hostallasnatalias.cl\/wp-content\/uploads\/2019\/04\/Sue1.jpeg\"><img class=\"alignnone wp-image-916\" src=\"https:\/\/hostallasnatalias.cl\/wp-content\/uploads\/2019\/04\/Sue1-979x1024.jpeg\" alt=\"\" width=\"313\" height=\"328\" \/><\/a><\/p>\r\n\r\n<\/div>\r\n<\/div>\r\n<div class=\"cols-wrapper cols-2\" style=\"margin-top: 30px;\">\r\n<div class=\"col nomargin\">\r\n<p style=\"text-align: left;\"><a href=\"https:\/\/hostallasnatalias.cl\/wp-content\/uploads\/2019\/04\/IMG_4806.jpeg\"><img class=\"alignnone wp-image-938 size-large\" src=\"https:\/\/hostallasnatalias.cl\/wp-content\/uploads\/2019\/04\/IMG_4806-1024x1024.jpeg\" alt=\"\" width=\"1024\" height=\"1024\" \/><\/a><\/p>\r\n\r\n<\/div>\r\n<div class=\"col nomargin\">\r\n<h2 class=\"host\">Staff de Temporada<\/h2>\r\nColaboramos con universidades chilenas para ofrecer oportunidades de pr\u00e1cticas a alumnos de eco-turismo cada a\u00f1o, ayudando a formarles en \u00e1reas de liderazgo, gesti\u00f3n empresarial, trabajo en equipo, y servicio al cliente.\r\n\r\n<\/div>\r\n<\/div>"},"excerpt":{"rendered":"","protected":false,"raw":""},"author":2,"featured_media":0,"parent":0,"menu_order":0,"comment_status":"open","ping_status":"closed","template":"","meta":{"_en_post_content":"<h1><strong>OUR STORY<\/strong><\/h1>\r\nAt <strong>Hostal Las Natalias<\/strong> we believe in spurring the type of tourism that, when implemented conscientiously and intentionally, will provide economic opportunities for the region while promoting the protection of natural resources and local culture.\r\n<p style=\"text-align: left;\">Open since January 2012, the hostel is the dream of Nathaniel Criado Mack, built to share a small piece of Patagonian paradise with travelers and other good people.\u00a0 The hostel's name stems from three generations of <em>Natalias\u00a0<\/em>in Nathaniel's family-- his mother, grandmother, and great-grandmother, all strong women with firm roots in Argentine Patagonia.<\/p>\r\n<iframe src=\"https:\/\/www.youtube.com\/embed\/G37mZJVFTnQ\" width=\"775\" height=\"500\" frameborder=\"0\" allowfullscreen=\"allowfullscreen\"><\/iframe>\r\n<p style=\"text-align: left;\">Our values are reflected in the way we organize and run our business. \u00a0We have an on-site garden for U-pick veggie harvest; we recycle, compost, and strive to reduce waste and energy use; and perhaps most importantly we partner with local, responsible businesses to promote collaborative economic growth and the preservation of local culture.<\/p>\r\n\r\n<h1 style=\"text-align: left;\"><strong>OUR TEAM<\/strong><\/h1>\r\n<p style=\"text-align: left;\"><a href=\"https:\/\/hostallasnatalias.cl\/wp-content\/uploads\/2015\/10\/Nancy-Nate.jpg\"><img class=\"wp-image-882 aligncenter\" src=\"https:\/\/hostallasnatalias.cl\/wp-content\/uploads\/2015\/10\/Nancy-Nate-1024x634.jpg\" alt=\"Nancy Nate\" width=\"625\" height=\"387\" \/><\/a><\/p>\r\n\r\n<div class=\"cols-wrapper cols-2\" style=\"margin-top: 30px;\">\r\n<div class=\"col nomargin\">\r\n<h2 class=\"host\">Nathaniel Criado Mack<\/h2>\r\nNathaniel began kayaking and raft guiding in Maryland and Colorado when he was in his 20's (he had more hair then). \u00a0In 2004 he moved to Futaleuf\u00fa, driven both by his love for rivers and by a curiosity about his Argentine family roots. \u00a0He immediately felt at home and worked several years as a river and outdoor guide in \"Futa\" before building <em>Hostal Las Natalias<\/em>.\u00a0 In addition to running the hostel and guiding, Nathaniel has over 10 years of experience teaching kayaking and it's clear he enjoys sharing his passion with others on the water.\r\n\r\n<\/div>\r\n<div class=\"col nomargin\">\r\n<h2 class=\"host\">Nancy Moore<\/h2>\r\nOriginally from Ohio, Nancy first moved to Futaleuf\u00fa in 2007 coordinating educational programs for a small organization. \u00a0Over time she fell in love with the community, and with Nathaniel too, and came to call this place home. \u00a0In 2012 she earned an M.S. from the University of Montana and upon returning to Futaleuf\u00fa embarked on a number of ventures: she is co-founder of Futa SANO, a company that aggregates and sells local food; she teaches yoga; serves as president for Futaleuf\u00fa's Community Environmental Council, and during the summer teaches a course in Montana for the Wild Rockies Field Institute.\r\n\r\n<\/div>\r\n<\/div>\r\n<div class=\"cols-wrapper cols-2\" style=\"margin-top: 30px;\">\r\n<div class=\"col nomargin\">\r\n<h2 class=\"host\">Susana Miller<\/h2>\r\nSusana is Nathaniel's adoptive mother who's beyond happy to spend a few months each year as hostess at the hostel (and we're beyond lucky to have her!). \u00a0She'll greet you in English, Spanish, or German, and offer you a glass of water in one of her homemade recycled glasses. \u00a0Sue has trotted the globe herself, living in places like Costa Rica, Switzerland, and Chile (1974-77). \u00a0She worked many years in public health and family planning, and now that she's retired she's busier than ever.\r\n\r\n<\/div>\r\n<div class=\"col nomargin\">\r\n<p style=\"text-align: left;\"><a href=\"https:\/\/hostallasnatalias.cl\/wp-content\/uploads\/2019\/04\/Sue1.jpeg\"><img class=\"alignnone wp-image-916\" src=\"https:\/\/hostallasnatalias.cl\/wp-content\/uploads\/2019\/04\/Sue1-979x1024.jpeg\" alt=\"\" width=\"313\" height=\"328\" \/><\/a><\/p>\r\n\r\n<\/div>\r\n<\/div>\r\n<div class=\"cols-wrapper cols-2\" style=\"margin-top: 30px;\">\r\n<div class=\"col nomargin\">\r\n<p style=\"text-align: left;\"><a href=\"https:\/\/hostallasnatalias.cl\/wp-content\/uploads\/2019\/04\/IMG_4806.jpeg\"><img class=\"alignnone wp-image-938 size-large\" src=\"https:\/\/hostallasnatalias.cl\/wp-content\/uploads\/2019\/04\/IMG_4806-1024x1024.jpeg\" alt=\"\" width=\"1024\" height=\"1024\" \/><\/a><\/p>\r\n\r\n<\/div>\r\n<div class=\"col nomargin\">\r\n<h2 class=\"host\">Seasonal Staff<\/h2>\r\nWe collaborate with Chilean universities to offer internship opportunities for Eco-tourism students each year. \u00a0Interns develop skills related to leadership, teamwork, management, and customer service.\r\n\r\n<\/div>\r\n<\/div>","_en_post_name":"about","_en_post_excerpt":"","_en_post_title":"About","_es_post_content":"<h1><strong>NUESTRA HISTORIA<\/strong><\/h1>\r\n<span style=\"font-weight: 400;\">En <\/span><b>Hostal Las Natalias<\/b><span style=\"font-weight: 400;\"> creemos en estimular el tipo de turismo que, cuando se aplica a conciencia e intencionalmente, proporcionar\u00e1 oportunidades econ\u00f3micas para la regi\u00f3n, promoci\u00f3n de la protecci\u00f3n de los recursos naturales y la cultura local.<\/span>\r\n\r\n<span style=\"font-weight: 400;\">Abierto desde enero de 2012, el albergue es el sue\u00f1o de Nathaniel Criado Mack, construido para compartir un peque\u00f1o pedazo de para\u00edso patag\u00f3nico con viajeros y buenas personas. \u00a0El nombre del hostal proviene de tres generaciones de \u201cNatalias\u201d en la familia de Nathaniel-- su madre, abuela, y bisabuela, todas mujeres fuertes con ra\u00edces en la Patagonia Argentina.<\/span>\r\n\r\n<iframe src=\"https:\/\/player.vimeo.com\/video\/333448344\" width=\"775\" height=\"500\" frameborder=\"0\" allowfullscreen=\"allowfullscreen\"><\/iframe>\r\n<p style=\"text-align: left;\"><span style=\"font-weight: 400;\">Nuestros valores se ven reflejados en la forma en que organizamos y operamos nuestro negocio. Tenemos una huerta donde los hu\u00e9spedes pueden cosechar verduras frescas; reciclamos, hacemos compost, e intentamos reducir los residuos y uso de energ\u00eda; y m\u00e1s importante de todo colaboramos con otros negocios peque\u00f1os para promover el crecimiento de la econom\u00eda local y la preservaci\u00f3n de la cultura de la zona.<\/span><\/p>\r\n\r\n<h1 style=\"text-align: left;\">NUESTRO EQUIPO<\/h1>\r\n<p style=\"text-align: left;\"><a href=\"https:\/\/hostallasnatalias.cl\/wp-content\/uploads\/2015\/10\/Nancy-Nate.jpg\"><img class=\"wp-image-882 aligncenter\" src=\"https:\/\/hostallasnatalias.cl\/wp-content\/uploads\/2015\/10\/Nancy-Nate-1024x634.jpg\" alt=\"Nancy Nate\" width=\"625\" height=\"387\" \/><\/a><\/p>\r\n\r\n<div class=\"cols-wrapper cols-2\" style=\"margin-top: 30px;\">\r\n<div class=\"col nomargin\">\r\n<h2 class=\"host\">Nathaniel Criado Mack<\/h2>\r\n<span style=\"font-weight: 400;\">Nathaniel empez\u00f3 a hacer kayak y a ser gu\u00eda de rafting en Maryland y Colorado cuando estaba en la universidad. \u00a0En 2004 se mud\u00f3 a Futaleuf\u00fa debido a su amor por los r\u00edos y tambi\u00e9n a una curiosidad acerca de su historia de familia en Argentina. \u00a0De inmediato encontr\u00f3 su lugar y trabaj\u00f3 varios a\u00f1os como gu\u00eda de aguas blancas y de aventura antes de construir Hostal Las Natalias. En adici\u00f3n a operar el hostal y guiar, Nathaniel tiene m\u00e1s de 10 a\u00f1os de experiencia ense\u00f1ando kayak y est\u00e1 claro que disfruta compartir su pasi\u00f3n con otros en el agua. <\/span>\r\n\r\n<\/div>\r\n<div class=\"col nomargin\">\r\n<h2 class=\"host\">Nancy Moore<\/h2>\r\n<span style=\"font-weight: 400;\">Originaria de Ohio, Nancy lleg\u00f3 a Futaleuf\u00fa en 2007 coordinando programas educativos en la provincia. \u00a0Con el tiempo, se enamor\u00f3 de la comunidad, y de Nathaniel tambi\u00e9n, y lleg\u00f3 a conocer este lugar como \u201chome.\u201d \u00a0En 2012 termin\u00f3 una maestr\u00eda en estudios ambientales y luego regres\u00f3 a Futaleuf\u00fa para emprender varios proyectos: es co-fundadora de Futa SANO, una peque<\/span><span style=\"font-weight: 400;\">\u00f1a empresa que promueve la agricultura sustentable; ofrece clases de yoga; es presidenta del Comit\u00e9 Ambiental Comunal; y ense\u00f1a un curso en Montana acerca de conservaci\u00f3n transfronteriza. \u00a0<\/span>\r\n\r\n<\/div>\r\n<\/div>\r\n<div class=\"cols-wrapper cols-2\" style=\"margin-top: 30px;\">\r\n<div class=\"col nomargin\">\r\n<h2 class=\"host\">Susana Miller<\/h2>\r\nSusana, la mam\u00e1 adoptiva de Nathaniel, pasa un par de meses cada a\u00f1o como anfitriona del hostal. \u00a1Nos consideramos muy afortunados contar con su presencia! \u00a0Ella te recibir\u00e1 en ingl\u00e9s, espa\u00f1ol, o aleman y te ofrecer\u00e1 un vaso de agua servido en uno de sus vasos artesanales y reciclados. \u00a0Susana ha vivido en muchas partes del mundo, incluyendo Costa Rica, Suiza, y Chile (1974-77), y trabaj\u00f3 muchos a\u00f1os en salud p\u00fablico y planificaci\u00f3n de familia.\r\n\r\n<\/div>\r\n<div class=\"col nomargin\">\r\n<p style=\"text-align: left;\"><a href=\"https:\/\/hostallasnatalias.cl\/wp-content\/uploads\/2019\/04\/Sue1.jpeg\"><img class=\"alignnone wp-image-916\" src=\"https:\/\/hostallasnatalias.cl\/wp-content\/uploads\/2019\/04\/Sue1-979x1024.jpeg\" alt=\"\" width=\"313\" height=\"328\" \/><\/a><\/p>\r\n\r\n<\/div>\r\n<\/div>\r\n<div class=\"cols-wrapper cols-2\" style=\"margin-top: 30px;\">\r\n<div class=\"col nomargin\">\r\n<p style=\"text-align: left;\"><a href=\"https:\/\/hostallasnatalias.cl\/wp-content\/uploads\/2019\/04\/IMG_4806.jpeg\"><img class=\"alignnone wp-image-938 size-large\" src=\"https:\/\/hostallasnatalias.cl\/wp-content\/uploads\/2019\/04\/IMG_4806-1024x1024.jpeg\" alt=\"\" width=\"1024\" height=\"1024\" \/><\/a><\/p>\r\n\r\n<\/div>\r\n<div class=\"col nomargin\">\r\n<h2 class=\"host\">Staff de Temporada<\/h2>\r\nColaboramos con universidades chilenas para ofrecer oportunidades de pr\u00e1cticas a alumnos de eco-turismo cada a\u00f1o, ayudando a formarles en \u00e1reas de liderazgo, gesti\u00f3n empresarial, trabajo en equipo, y servicio al cliente.\r\n\r\n<\/div>\r\n<\/div>","_es_post_name":"about","_es_post_excerpt":"","_es_post_title":"Nuestra Historia","edit_language":"es","footnotes":""},"class_list":["post-911","page","type-page","status-publish","hentry"],"_links":{"self":[{"href":"https:\/\/hostallasnatalias.cl\/wp-json\/wp\/v2\/pages\/911","targetHints":{"allow":["GET"]}}],"collection":[{"href":"https:\/\/hostallasnatalias.cl\/wp-json\/wp\/v2\/pages"}],"about":[{"href":"https:\/\/hostallasnatalias.cl\/wp-json\/wp\/v2\/types\/page"}],"author":[{"embeddable":true,"href":"https:\/\/hostallasnatalias.cl\/wp-json\/wp\/v2\/users\/2"}],"replies":[{"embeddable":true,"href":"https:\/\/hostallasnatalias.cl\/wp-json\/wp\/v2\/comments?post=911"}],"version-history":[{"count":27,"href":"https:\/\/hostallasnatalias.cl\/wp-json\/wp\/v2\/pages\/911\/revisions"}],"predecessor-version":[{"id":3490,"href":"https:\/\/hostallasnatalias.cl\/wp-json\/wp\/v2\/pages\/911\/revisions\/3490"}],"wp:attachment":[{"href":"https:\/\/hostallasnatalias.cl\/wp-json\/wp\/v2\/media?parent=911"}],"curies":[{"name":"wp","href":"https:\/\/api.w.org\/{rel}","templated":true}]}}