{"id":328,"date":"2015-11-23T21:19:06","date_gmt":"2015-11-23T21:19:06","guid":{"rendered":"https:\/\/hostallasnatalias.cl\/?page_id=328"},"modified":"2023-11-17T14:55:18","modified_gmt":"2023-11-17T14:55:18","slug":"reservas","status":"publish","type":"page","link":"https:\/\/hostallasnatalias.cl\/reservations\/","title":{"rendered":"Reservas","raw":"Reservas"},"content":{"rendered":"<p>Trabajamos desde mitad de Octubre hasta el mes de Abril.<\/p>\n<p><b>Para hacer una reserva de una habitaci\u00f3n privada o compartida, cont\u00e1ctenos directamente o utilice el formulario a continuaci\u00f3n. Uno de nuestros amigables miembros del personal se comunicar\u00e1 con usted lo antes posible. Para confirmar su reserva le solicitaremos un dep\u00f3sito por la estancia de la primera noche, reembolsable si cancela dentro de los 7 d\u00edas pr\u00f3ximos a su llegada. \u00a1Esperamos verlo aqu\u00ed!<\/b><\/p>\n<p><span style=\"font-weight: 400;\">Email:\u00a0 hostallasnatalias@gmail.com<\/span><\/p>\n<p><span style=\"font-weight: 400;\">Whatsapp: +569 9882 4637 or +569 9631 1330<\/span><\/p>\n<p><span style=\"font-weight: 400;\">Instagram: @hostallasnatalias<\/span><\/p>\n<p>&nbsp;<\/p>\n<script async src=\"https:\/\/secured.sirvoy.com\/widget\/sirvoy.js\" data-form-id=\"59aefbc1d29fa\" data-wp-plugin-version=\"4.0\"><\/script>\n<p>&nbsp;<\/p>\n<p><a href=\"https:\/\/hostallasnatalias.cl\/wp-content\/uploads\/2015\/10\/Copy-of-Hanging-out.jpeg\"><img loading=\"lazy\" decoding=\"async\" class=\"size-large wp-image-867 aligncenter\" src=\"https:\/\/hostallasnatalias.cl\/wp-content\/uploads\/2015\/10\/Copy-of-Hanging-out-1024x768.jpeg\" alt=\"Relaxing\" width=\"1024\" height=\"768\" srcset=\"https:\/\/hostallasnatalias.cl\/wp-content\/uploads\/2015\/10\/Copy-of-Hanging-out-1024x768.jpeg 1024w, https:\/\/hostallasnatalias.cl\/wp-content\/uploads\/2015\/10\/Copy-of-Hanging-out-300x225.jpeg 300w\" sizes=\"auto, (max-width: 1024px) 100vw, 1024px\" \/><\/a><\/p>\n","protected":false,"raw":"Trabajamos desde mitad de Octubre hasta el mes de Abril.\r\n\r\n<b>Para hacer una reserva de una habitaci\u00f3n privada o compartida, cont\u00e1ctenos directamente o utilice el formulario a continuaci\u00f3n. Uno de nuestros amigables miembros del personal se comunicar\u00e1 con usted lo antes posible. Para confirmar su reserva le solicitaremos un dep\u00f3sito por la estancia de la primera noche, reembolsable si cancela dentro de los 7 d\u00edas pr\u00f3ximos a su llegada. \u00a1Esperamos verlo aqu\u00ed!<\/b>\r\n\r\n<span style=\"font-weight: 400;\">Email:\u00a0 hostallasnatalias@gmail.com<\/span>\r\n\r\n<span style=\"font-weight: 400;\">Whatsapp: +569 9882 4637 or +569 9631 1330<\/span>\r\n\r\n<span style=\"font-weight: 400;\">Instagram: @hostallasnatalias<\/span>\r\n\r\n&nbsp;\r\n\r\n[sirvoy form-id=\"59aefbc1d29fa\"]\r\n\r\n&nbsp;\r\n\r\n<a href=\"https:\/\/hostallasnatalias.cl\/wp-content\/uploads\/2015\/10\/Copy-of-Hanging-out.jpeg\"><img class=\"size-large wp-image-867 aligncenter\" src=\"https:\/\/hostallasnatalias.cl\/wp-content\/uploads\/2015\/10\/Copy-of-Hanging-out-1024x768.jpeg\" alt=\"Relaxing\" width=\"1024\" height=\"768\" \/><\/a>"},"excerpt":{"rendered":"","protected":false,"raw":""},"author":7,"featured_media":0,"parent":0,"menu_order":0,"comment_status":"open","ping_status":"closed","template":"","meta":{"_en_post_content":"Our current dates of operation are mid-October thru April.\r\n\r\n<b>To make a reservation for a private or shared room, please contact us directly or use the form below.\u00a0 One of our friendly staff members will be in touch with you ASAP.\u00a0 To confirm your reservation we will request a deposit for the first night's stay, refundable if you cancel within 7 days of your scheduled arrival.\u00a0 We hope to see you here!<\/b>\r\n\r\n<span style=\"font-weight: 400;\">Email:\u00a0 hostallasnatalias@gmail.com<\/span>\r\n\r\n<span style=\"font-weight: 400;\">Whatsapp or phone: +569 9882 4637 or +569 9631 1330<\/span>\r\n\r\n<span style=\"font-weight: 400;\">Instagram: @hostallasnatalias<\/span>\r\n\r\n&nbsp;\r\n\r\n[sirvoy form-id=\"59aefbc1d29fa\"]\r\n\r\n&nbsp;\r\n\r\n<a href=\"https:\/\/hostallasnatalias.cl\/wp-content\/uploads\/2015\/10\/Copy-of-Hanging-out.jpeg\"><img class=\"size-large wp-image-867 aligncenter\" src=\"https:\/\/hostallasnatalias.cl\/wp-content\/uploads\/2015\/10\/Copy-of-Hanging-out-1024x768.jpeg\" alt=\"Relaxing\" width=\"1024\" height=\"768\" \/><\/a>","_en_post_name":"reservations","_en_post_excerpt":"","_en_post_title":"Reservations","_es_post_content":"Trabajamos desde mitad de Octubre hasta el mes de Abril.\r\n\r\n<b>Para hacer una reserva de una habitaci\u00f3n privada o compartida, cont\u00e1ctenos directamente o utilice el formulario a continuaci\u00f3n. Uno de nuestros amigables miembros del personal se comunicar\u00e1 con usted lo antes posible. Para confirmar su reserva le solicitaremos un dep\u00f3sito por la estancia de la primera noche, reembolsable si cancela dentro de los 7 d\u00edas pr\u00f3ximos a su llegada. \u00a1Esperamos verlo aqu\u00ed!<\/b>\r\n\r\n<span style=\"font-weight: 400;\">Email:\u00a0 hostallasnatalias@gmail.com<\/span>\r\n\r\n<span style=\"font-weight: 400;\">Whatsapp: +569 9882 4637 or +569 9631 1330<\/span>\r\n\r\n<span style=\"font-weight: 400;\">Instagram: @hostallasnatalias<\/span>\r\n\r\n&nbsp;\r\n\r\n[sirvoy form-id=\"59aefbc1d29fa\"]\r\n\r\n&nbsp;\r\n\r\n<a href=\"https:\/\/hostallasnatalias.cl\/wp-content\/uploads\/2015\/10\/Copy-of-Hanging-out.jpeg\"><img class=\"size-large wp-image-867 aligncenter\" src=\"https:\/\/hostallasnatalias.cl\/wp-content\/uploads\/2015\/10\/Copy-of-Hanging-out-1024x768.jpeg\" alt=\"Relaxing\" width=\"1024\" height=\"768\" \/><\/a>","_es_post_name":"reservas","_es_post_excerpt":"","_es_post_title":"Reservas","edit_language":"es","footnotes":""},"class_list":["post-328","page","type-page","status-publish","hentry"],"_links":{"self":[{"href":"https:\/\/hostallasnatalias.cl\/wp-json\/wp\/v2\/pages\/328","targetHints":{"allow":["GET"]}}],"collection":[{"href":"https:\/\/hostallasnatalias.cl\/wp-json\/wp\/v2\/pages"}],"about":[{"href":"https:\/\/hostallasnatalias.cl\/wp-json\/wp\/v2\/types\/page"}],"author":[{"embeddable":true,"href":"https:\/\/hostallasnatalias.cl\/wp-json\/wp\/v2\/users\/7"}],"replies":[{"embeddable":true,"href":"https:\/\/hostallasnatalias.cl\/wp-json\/wp\/v2\/comments?post=328"}],"version-history":[{"count":57,"href":"https:\/\/hostallasnatalias.cl\/wp-json\/wp\/v2\/pages\/328\/revisions"}],"predecessor-version":[{"id":3488,"href":"https:\/\/hostallasnatalias.cl\/wp-json\/wp\/v2\/pages\/328\/revisions\/3488"}],"wp:attachment":[{"href":"https:\/\/hostallasnatalias.cl\/wp-json\/wp\/v2\/media?parent=328"}],"curies":[{"name":"wp","href":"https:\/\/api.w.org\/{rel}","templated":true}]}}